{"id":33,"date":"2021-01-25T17:16:00","date_gmt":"2021-01-25T16:16:00","guid":{"rendered":"https:\/\/lafestinerie.fr\/?page_id=33"},"modified":"2024-02-23T10:55:37","modified_gmt":"2024-02-23T09:55:37","slug":"accueil","status":"publish","type":"page","link":"https:\/\/lafestinerie.fr\/","title":{"rendered":"Accueil"},"content":{"rendered":"<p>[et_pb_section fb_built=\u00a0\u00bb1&Prime; fullwidth=\u00a0\u00bbon\u00a0\u00bb _builder_version=\u00a0\u00bb4.8.1&Prime; _module_preset=\u00a0\u00bbdefault\u00a0\u00bb background_color=\u00a0\u00bb#000000&Prime; width=\u00a0\u00bb100%\u00a0\u00bb max_width=\u00a0\u00bb100%\u00a0\u00bb min_height=\u00a0\u00bb787px\u00a0\u00bb height=\u00a0\u00bb1000px\u00a0\u00bb custom_margin=\u00a0\u00bb-78px||-26px||false|false\u00a0\u00bb custom_padding=\u00a0\u00bb40px||22px||false|false\u00a0\u00bb][et_pb_fullwidth_header title=\u00a0\u00bbAp\u00e9ros dinatoires, \u00e9v\u00e9nements, festins &#8230;\u00a0\u00bb subhead=\u00a0\u00bbN&rsquo;h\u00e9sitez pas \u00e0 nous contacter au\u00a0\u00bb text_orientation=\u00a0\u00bbcenter\u00a0\u00bb header_fullscreen=\u00a0\u00bbon\u00a0\u00bb background_overlay_color=\u00a0\u00bbrgba(0,0,0,0.84)\u00a0\u00bb logo_image_url=\u00a0\u00bbhttps:\/\/lafestinerie.fr\/wp-content\/uploads\/2021\/01\/Lafestinerie.png\u00a0\u00bb _builder_version=\u00a0\u00bb4.8.1&Prime; _module_preset=\u00a0\u00bbdefault\u00a0\u00bb title_text_align=\u00a0\u00bbcenter\u00a0\u00bb content_text_align=\u00a0\u00bbcenter\u00a0\u00bb content_font_size=\u00a0\u00bb13px\u00a0\u00bb content_line_height=\u00a0\u00bb1.8em\u00a0\u00bb subhead_text_align=\u00a0\u00bbcenter\u00a0\u00bb subhead_font_size=\u00a0\u00bb17px\u00a0\u00bb background_color=\u00a0\u00bbRGBA(0,0,0,0)\u00a0\u00bb background_video_mp4=\u00a0\u00bbhttps:\/\/lafestinerie.fr\/wp-content\/uploads\/2021\/01\/Hamburger-36006.mp4&Prime; background_video_width=\u00a0\u00bb1920&Prime; background_video_height=\u00a0\u00bb1080&Prime; transform_translate=\u00a0\u00bb4px|56px\u00a0\u00bb min_height=\u00a0\u00bb2081px\u00a0\u00bb custom_margin=\u00a0\u00bb-20px||-9px|||\u00a0\u00bb custom_padding=\u00a0\u00bb0px||143px|||\u00a0\u00bb child_filter_brightness=\u00a0\u00bb115%\u00a0\u00bb child_filter_contrast=\u00a0\u00bb126%\u00a0\u00bb hover_enabled=\u00a0\u00bb0&Prime; title_text_shadow_style=\u00a0\u00bbpreset3&Prime; title_text_shadow_horizontal_length=\u00a0\u00bb-0.63em\u00a0\u00bb border_radii_image=\u00a0\u00bboff||||\u00a0\u00bb sticky_enabled=\u00a0\u00bb0&Prime; animation_style=\u00a0\u00bbzoom\u00a0\u00bb animation_speed_curve=\u00a0\u00bbease-out\u00a0\u00bb]<\/p>\n<h1 style=\"text-align: center;\"><strong><\/strong><\/h1>\n<h1 style=\"text-align: center;\"><strong>06 10 47 60 85<\/strong><\/h1>\n<h6 style=\"text-align: center;\">ou par mail<\/h6>\n<h1><a href=\"mailto:hello@lafestinerie.fr\"><strong><img loading=\"lazy\" decoding=\"async\" src=\"https:\/\/lafestinerie.fr\/wp-content\/uploads\/2021\/01\/mail.png\" width=\"69\" height=\"55\" alt=\"\" class=\"wp-image-40 alignnone size-full\" style=\"display: block; margin-left: auto; margin-right: auto;\" \/><\/strong><\/a><\/h1>\n<p><em>Notre futur site est actuellement en construction pour le meilleur de vos papilles.<\/em><\/p>\n<p><em>Portez-vous bien et \u00e0 tr\u00e8s bient\u00f4t ! \ud83d\ude09<\/em><\/p>\n<p style=\"text-align: center;\"><em><\/em><\/p>\n<p>[\/et_pb_fullwidth_header][\/et_pb_section]<\/p>\n","protected":false},"excerpt":{"rendered":"<p>[et_pb_section fb_built=\u00a0\u00bb1&Prime; fullwidth=\u00a0\u00bbon\u00a0\u00bb _builder_version=\u00a0\u00bb4.8.1&Prime; _module_preset=\u00a0\u00bbdefault\u00a0\u00bb background_color=\u00a0\u00bb#000000&Prime; width=\u00a0\u00bb100%\u00a0\u00bb max_width=\u00a0\u00bb100%\u00a0\u00bb min_height=\u00a0\u00bb787px\u00a0\u00bb height=\u00a0\u00bb1000px\u00a0\u00bb custom_margin=\u00a0\u00bb-78px||-26px||false|false\u00a0\u00bb custom_padding=\u00a0\u00bb40px||22px||false|false\u00a0\u00bb][et_pb_fullwidth_header title=\u00a0\u00bbAp\u00e9ros dinatoires, \u00e9v\u00e9nements, festins &#8230;\u00a0\u00bb subhead=\u00a0\u00bbN&rsquo;h\u00e9sitez pas \u00e0 nous contacter au\u00a0\u00bb text_orientation=\u00a0\u00bbcenter\u00a0\u00bb header_fullscreen=\u00a0\u00bbon\u00a0\u00bb background_overlay_color=\u00a0\u00bbrgba(0,0,0,0.84)\u00a0\u00bb logo_image_url=\u00a0\u00bbhttps:\/\/lafestinerie.fr\/wp-content\/uploads\/2021\/01\/Lafestinerie.png\u00a0\u00bb _builder_version=\u00a0\u00bb4.8.1&Prime; _module_preset=\u00a0\u00bbdefault\u00a0\u00bb title_text_align=\u00a0\u00bbcenter\u00a0\u00bb content_text_align=\u00a0\u00bbcenter\u00a0\u00bb content_font_size=\u00a0\u00bb13px\u00a0\u00bb content_line_height=\u00a0\u00bb1.8em\u00a0\u00bb subhead_text_align=\u00a0\u00bbcenter\u00a0\u00bb subhead_font_size=\u00a0\u00bb17px\u00a0\u00bb background_color=\u00a0\u00bbRGBA(0,0,0,0)\u00a0\u00bb background_video_mp4=\u00a0\u00bbhttps:\/\/lafestinerie.fr\/wp-content\/uploads\/2021\/01\/Hamburger-36006.mp4&Prime; background_video_width=\u00a0\u00bb1920&Prime; background_video_height=\u00a0\u00bb1080&Prime; transform_translate=\u00a0\u00bb4px|56px\u00a0\u00bb min_height=\u00a0\u00bb2081px\u00a0\u00bb custom_margin=\u00a0\u00bb-20px||-9px|||\u00a0\u00bb custom_padding=\u00a0\u00bb0px||143px|||\u00a0\u00bb child_filter_brightness=\u00a0\u00bb115%\u00a0\u00bb child_filter_contrast=\u00a0\u00bb126%\u00a0\u00bb hover_enabled=\u00a0\u00bb0&Prime; title_text_shadow_style=\u00a0\u00bbpreset3&Prime; title_text_shadow_horizontal_length=\u00a0\u00bb-0.63em\u00a0\u00bb border_radii_image=\u00a0\u00bboff||||\u00a0\u00bb sticky_enabled=\u00a0\u00bb0&Prime; animation_style=\u00a0\u00bbzoom\u00a0\u00bb animation_speed_curve=\u00a0\u00bbease-out\u00a0\u00bb] 06 10 47 [&hellip;]<\/p>\n","protected":false},"author":1,"featured_media":0,"parent":0,"menu_order":0,"comment_status":"closed","ping_status":"closed","template":"page-template-blank.php","meta":{"_et_pb_use_builder":"on","_et_pb_old_content":"","_et_gb_content_width":"","footnotes":""},"class_list":["post-33","page","type-page","status-publish","hentry"],"_links":{"self":[{"href":"https:\/\/lafestinerie.fr\/index.php\/wp-json\/wp\/v2\/pages\/33","targetHints":{"allow":["GET"]}}],"collection":[{"href":"https:\/\/lafestinerie.fr\/index.php\/wp-json\/wp\/v2\/pages"}],"about":[{"href":"https:\/\/lafestinerie.fr\/index.php\/wp-json\/wp\/v2\/types\/page"}],"author":[{"embeddable":true,"href":"https:\/\/lafestinerie.fr\/index.php\/wp-json\/wp\/v2\/users\/1"}],"replies":[{"embeddable":true,"href":"https:\/\/lafestinerie.fr\/index.php\/wp-json\/wp\/v2\/comments?post=33"}],"version-history":[{"count":20,"href":"https:\/\/lafestinerie.fr\/index.php\/wp-json\/wp\/v2\/pages\/33\/revisions"}],"predecessor-version":[{"id":74,"href":"https:\/\/lafestinerie.fr\/index.php\/wp-json\/wp\/v2\/pages\/33\/revisions\/74"}],"wp:attachment":[{"href":"https:\/\/lafestinerie.fr\/index.php\/wp-json\/wp\/v2\/media?parent=33"}],"curies":[{"name":"wp","href":"https:\/\/api.w.org\/{rel}","templated":true}]}}